{"id":3541,"date":"2019-10-31T19:38:10","date_gmt":"2019-10-31T19:38:10","guid":{"rendered":"https:\/\/manoa.hawaii.edu\/undergrad\/new-sss\/?page_id=3541"},"modified":"2025-03-05T11:32:43","modified_gmt":"2025-03-05T21:32:43","slug":"student-resources","status":"publish","type":"page","link":"https:\/\/manoa.hawaii.edu\/trio\/student-resources\/","title":{"rendered":"Student Resources"},"content":{"rendered":"\n\n\t<p><em>Remember that this is a short list, so continue to meet with your primary advisors and TRIO M\u0101noa advisors regularly!<\/em><\/p>\n\t\t\t\t<img loading=\"lazy\" decoding=\"async\" src=\"https:\/\/manoa.hawaii.edu\/trio\/wp-content\/uploads\/2021\/05\/calendar-image-png-3-150x150.png\" alt=\"decorative calendar iamge\" itemprop=\"image\" height=\"150\" width=\"150\" title=\"calendar image\" onerror=\"this.style.display='none'\"  \/>\n<h2>\n\t\tImportant Dates\n\t<\/h2>\n\t\t\t<a href=\"https:\/\/manoa.hawaii.edu\/fas\/resources\/important-dates-deadlines\/\" target=\"_self\">\n\t\t\t\t\t\t\tFinancial Aid\n\t\t\t\t\t<\/a>\n\t\t\t<a href=\"https:\/\/manoa.hawaii.edu\/registrar\/academic-calendar\/\" target=\"_self\">\n\t\t\t\t\t\t\tAcademic Calendar\n\t\t\t\t\t<\/a>\n\t\t\t<a href=\"https:\/\/www.hawaii.edu\/calendar\/manoa\/\" target=\"_self\">\n\t\t\t\t\t\t\tM\u0101noa Events\n\t\t\t\t\t<\/a>\n\t\t\t<a href=\"https:\/\/www.hawaii.edu\/myuhinfo\/uh-manoa\/\" target=\"_self\">\n\t\t\t\t\t\t\tRegistration Timetable\n\t\t\t\t\t<\/a>\n\t\t\t\t<img loading=\"lazy\" decoding=\"async\" src=\"https:\/\/manoa.hawaii.edu\/trio\/wp-content\/uploads\/2020\/01\/Untitled-design-6-150x150.png\" alt=\"Untitled design (6)\" itemprop=\"image\" height=\"150\" width=\"150\" title=\"Untitled design (6)\" onerror=\"this.style.display='none'\"  \/>\n<h2>\n\t\tEssential Advising Tools\n\t<\/h2>\n\t\t\t<a href=\"https:\/\/myuh.hawaii.edu\/\" target=\"_self\">\n\t\t\t\t\t\t\tMyUH\n\t\t\t\t\t<\/a>\n\t\t\t<a href=\"https:\/\/www.star.hawaii.edu\/studentinterface\/\" target=\"_self\">\n\t\t\t\t\t\t\tSTAR\n\t\t\t\t\t<\/a>\n\t\t\t<a href=\"https:\/\/www.star.hawaii.edu\/appointment\/\" target=\"_self\">\n\t\t\t\t\t\t\tSTAR Balance\n\t\t\t\t\t<\/a>\n\t\t\t<a href=\"https:\/\/www.sis.hawaii.edu\/uhdad\/avail.classes?i=MAN\" target=\"_self\">\n\t\t\t\t\t\t\tClass Availability\n\t\t\t\t\t<\/a>\n\t\t\t<a href=\"https:\/\/manoa.hawaii.edu\/ovcaa\/programsheets\/\" target=\"_self\">\n\t\t\t\t\t\t\tProgram Sheets\n\t\t\t\t\t<\/a>\n\t\t\t<a href=\"https:\/\/manoa.hawaii.edu\/catalog\/\" target=\"_self\">\n\t\t\t\t\t\t\tUH M\u0101noa Catalog\n\t\t\t\t\t<\/a>\n\t\t\t<a href=\"https:\/\/www.outreach.hawaii.edu\/summer\/\" target=\"_self\">\n\t\t\t\t\t\t\tSummer School\n\t\t\t\t\t<\/a>\n\t\t\t<a href=\"https:\/\/manoa.hawaii.edu\/undergrad\/advising\/\" target=\"_self\">\n\t\t\t\t\t\t\tAdvising Guide\n\t\t\t\t\t<\/a>\n\t\t\t\t<img loading=\"lazy\" decoding=\"async\" src=\"https:\/\/manoa.hawaii.edu\/trio\/wp-content\/uploads\/2020\/01\/Untitled-design-2-150x150.png\" alt=\"Untitled design (2)\" itemprop=\"image\" height=\"150\" width=\"150\" title=\"Untitled design (2)\" onerror=\"this.style.display='none'\"  \/>\n<h2>\n\t\tFinancial Info\n\t<\/h2>\n\t\t\t<a href=\"https:\/\/manoa.hawaii.edu\/fas\/types-of-aid\/scholarships\/\" target=\"_self\">\n\t\t\t\t\t\t\tScholarships\n\t\t\t\t\t<\/a>\n\t\t\t<a href=\"https:\/\/manoa.hawaii.edu\/fas\/financial-aid-policies\/course-program-of-study-cpos\/\" target=\"_self\">\n\t\t\t\t\t\t\tCourse Program of Study\n\t\t\t\t\t<\/a>\n\t\t\t<a href=\"https:\/\/www.hawaii.edu\/fas\/\" target=\"_self\">\n\t\t\t\t\t\t\tUHM Financial Aid Office\n\t\t\t\t\t<\/a>\n\t\t\t<a href=\"https:\/\/studentaid.gov\/h\/apply-for-aid\/fafsa\" target=\"_self\">\n\t\t\t\t\t\t\tFAFSA\n\t\t\t\t\t<\/a>\n\t\t\t<a href=\"https:\/\/studentaid.gov\/apply-for-aid\/fafsa\/filling-out\/help\" target=\"_self\">\n\t\t\t\t\t\t\tFAFSA Help\n\t\t\t\t\t<\/a>\n\t\t\t<a href=\"https:\/\/www.fdic.gov\/resources\/consumers\/money-smart\/index.html\" target=\"_self\">\n\t\t\t\t\t\t\tFDIC Money Smart Financial Education Program\n\t\t\t\t\t<\/a>\n\t\t\t\t<img loading=\"lazy\" decoding=\"async\" src=\"https:\/\/manoa.hawaii.edu\/trio\/wp-content\/uploads\/2020\/01\/Untitled-design-3-150x150.png\" alt=\"Untitled design (3)\" itemprop=\"image\" height=\"150\" width=\"150\" title=\"Untitled design (3)\" onerror=\"this.style.display='none'\"  \/>\n<h2>\n\t\tFree Tutoring Resources\n\t<\/h2>\n\t\t\t<a href=\"https:\/\/manoa.hawaii.edu\/undergrad\/learning\/\" target=\"_self\">\n\t\t\t\t\t\t\tAcademic Resource Center\n\t\t\t\t\t<\/a>\n\t\t\t<a href=\"https:\/\/natsci.manoa.hawaii.edu\/learning-emporium\/\" target=\"_self\">\n\t\t\t\t\t\t\tCNS Learning Emporium\n\t\t\t\t\t<\/a>\n\t\t\t<a href=\"https:\/\/manoa.hawaii.edu\/ola\/\" target=\"_self\">\n\t\t\t\t\t\t\tOnline Learning Academy\n\t\t\t\t\t<\/a>\n\t\t\t<a href=\"https:\/\/sites.google.com\/a\/hawaii.edu\/writingcenter\/welcome\" target=\"_self\">\n\t\t\t\t\t\t\tThe Writing Center\n\t\t\t\t\t<\/a>\n\t\t\t\t<img loading=\"lazy\" decoding=\"async\" src=\"https:\/\/manoa.hawaii.edu\/trio\/wp-content\/uploads\/2021\/06\/cap-3843913c1d5e70bafdd668523d51f58ed8b304ffcdc85f02df7cdc43b2f5049a.png\" alt=\"grad cap\" itemprop=\"image\" height=\"172\" width=\"272\" title=\"grad cap\" onerror=\"this.style.display='none'\"  \/>\n<h2>\n\t\tGraduate \/ Professional School &#038; Career Prep\n\t<\/h2>\n\t\t\t<a href=\"https:\/\/manoa.hawaii.edu\/graduate\/prospective-students\/\" target=\"_self\">\n\t\t\t\t\t\t\tUHM Graduate Division\n\t\t\t\t\t<\/a>\n\t\t\t<a href=\"https:\/\/manoa.hawaii.edu\/catalog\/degrees-minors-certificates\/\" target=\"_self\">\n\t\t\t\t\t\t\tUHM Graduate Degrees\n\t\t\t\t\t<\/a>\n\t\t\t<a href=\"https:\/\/manoa.hawaii.edu\/undergrad\/pac\/\" target=\"_self\">\n\t\t\t\t\t\t\tPre-Health\/Pre-Law Advising Center (PAC)\n\t\t\t\t\t<\/a>\n\t\t\t<a href=\"https:\/\/www.kaptest.com\/study\/gre\/how-do-i-register-for-the-gre\/\" target=\"_self\">\n\t\t\t\t\t\t\tSchedule GRE Test\n\t\t\t\t\t<\/a>\n\t\t\t<a href=\"https:\/\/www.kaptest.com\/study\/mcat\/how-to-register-for-the-mcat\/\" target=\"_self\">\n\t\t\t\t\t\t\tSchedule MCAT\n\t\t\t\t\t<\/a>\n\t\t\t<a href=\"https:\/\/manoa.hawaii.edu\/careercenter\/\" target=\"_self\">\n\t\t\t\t\t\t\tM\u0101noa Career Center\n\t\t\t\t\t<\/a>\n\t\t\t<a href=\"https:\/\/careerexplorer.hawaii.edu\/\" target=\"_self\">\n\t\t\t\t\t\t\tHawai&#8217;i Career Explorer\n\t\t\t\t\t<\/a>\n\t\t\t<a href=\"https:\/\/manoa.hawaii.edu\/gpap\/\" target=\"_self\">\n\t\t\t\t\t\t\tGraduate Professional Access Program (GPA)\n\t\t\t\t\t<\/a>\n\t\t\t\t<img loading=\"lazy\" decoding=\"async\" src=\"https:\/\/manoa.hawaii.edu\/trio\/wp-content\/uploads\/2024\/07\/Untitled-design-150x150.png\" alt=\"Untitled design\" itemprop=\"image\" height=\"150\" width=\"150\" title=\"Untitled design\" onerror=\"this.style.display='none'\"  \/>\n<h2>\n\t\tHolistic\/Wellness Resources\n\t<\/h2>\n\t\t\t<a href=\"https:\/\/www.hawaii.edu\/student-basic-needs\/resources\/manoa\/\" target=\"_self\">\n\t\t\t\t\t\t\tUHM Basic Needs\n\t\t\t\t\t<\/a>\n\t\t\t<a href=\"http:\/\/www.manoa.hawaii.edu\/counseling\/\" target=\"_self\">\n\t\t\t\t\t\t\tCounseling &#038; Student Development Center (CSDC)\n\t\t\t\t\t<\/a>\n\t\t\t<a href=\"https:\/\/www.hawaii.edu\/shs\/\" target=\"_self\">\n\t\t\t\t\t\t\tUH Health Services\n\t\t\t\t\t<\/a>\n\t\t\t<a href=\"https:\/\/manoa.hawaii.edu\/studentlife\/recreation\/recreation-center\/\" target=\"_self\">\n\t\t\t\t\t\t\tWarrior Rec Center\n\t\t\t\t\t<\/a>\n\t\t\t<a href=\"https:\/\/manoa.hawaii.edu\/studentlife\/campus-center-complex\/services\/food-vault\/\" target=\"_self\">\n\t\t\t\t\t\t\tFood Vault\n\t\t\t\t\t<\/a>\n\t\t\t<a href=\"https:\/\/www.hawaii.edu\/kokua\/\" target=\"_self\">\n\t\t\t\t\t\t\tKokua Program\n\t\t\t\t\t<\/a>\n\t\t\t<a href=\"https:\/\/manoa.campuswell.com\/\" target=\"_self\">\n\t\t\t\t\t\t\tM\u0101noa CampusWell\n\t\t\t\t\t<\/a>\n\t\t\t\t<img loading=\"lazy\" decoding=\"async\" src=\"https:\/\/manoa.hawaii.edu\/trio\/wp-content\/uploads\/2021\/06\/2-Instagram-Post-600x600-1.png\" alt=\"SEED logo\" itemprop=\"image\" height=\"223\" width=\"223\" title=\"SEED logo\" onerror=\"this.style.display='none'\"  \/>\n<h2>\n\t\tSEED\n\t<\/h2>\n\t\t\t<a href=\"https:\/\/manoa.hawaii.edu\/seed\/\" target=\"_self\">\n\t\t\t\t\t\t\tSEED Programs\n\t\t\t\t\t<\/a>\n\n","protected":false},"excerpt":{"rendered":"<p>Remember that this is a short list, so continue to meet with your primary advisors and TRIO M\u0101noa advisors regularly! Important Dates Financial Aid Academic Calendar M\u0101noa Events Registration Timetable Essential Advising Tools MyUH STAR STAR Balance Class Availability Program Sheets UH M\u0101noa Catalog Summer School Advising Guide Financial Info Scholarships Course Program of Study&hellip;<\/p>\n","protected":false},"author":7,"featured_media":0,"parent":0,"menu_order":0,"comment_status":"closed","ping_status":"closed","template":"","meta":{"_monsterinsights_skip_tracking":false,"_monsterinsights_sitenote_active":false,"_monsterinsights_sitenote_note":"","_monsterinsights_sitenote_category":0,"footnotes":""},"class_list":["post-3541","page","type-page","status-publish","hentry","entry","no-media"],"_links":{"self":[{"href":"https:\/\/manoa.hawaii.edu\/trio\/wp-json\/wp\/v2\/pages\/3541","targetHints":{"allow":["GET"]}}],"collection":[{"href":"https:\/\/manoa.hawaii.edu\/trio\/wp-json\/wp\/v2\/pages"}],"about":[{"href":"https:\/\/manoa.hawaii.edu\/trio\/wp-json\/wp\/v2\/types\/page"}],"author":[{"embeddable":true,"href":"https:\/\/manoa.hawaii.edu\/trio\/wp-json\/wp\/v2\/users\/7"}],"replies":[{"embeddable":true,"href":"https:\/\/manoa.hawaii.edu\/trio\/wp-json\/wp\/v2\/comments?post=3541"}],"version-history":[{"count":58,"href":"https:\/\/manoa.hawaii.edu\/trio\/wp-json\/wp\/v2\/pages\/3541\/revisions"}],"predecessor-version":[{"id":4766,"href":"https:\/\/manoa.hawaii.edu\/trio\/wp-json\/wp\/v2\/pages\/3541\/revisions\/4766"}],"wp:attachment":[{"href":"https:\/\/manoa.hawaii.edu\/trio\/wp-json\/wp\/v2\/media?parent=3541"}],"curies":[{"name":"wp","href":"https:\/\/api.w.org\/{rel}","templated":true}]}}